{"id":636,"date":"2022-03-08T10:11:56","date_gmt":"2022-03-08T10:11:56","guid":{"rendered":"https:\/\/svidoni.com\/?post_type=product&#038;p=636"},"modified":"2026-05-07T05:30:27","modified_gmt":"2026-05-07T05:30:27","slug":"augstfrekvences-starojumu-slapejosa-viriesu-veste","status":"publish","type":"product","link":"https:\/\/svidoni.com\/ru\/product\/augstfrekvences-starojumu-slapejosa-viriesu-veste\/","title":{"rendered":"Augstfrekvences starojumu sl\u0101p\u0113jo\u0161a v\u012brie\u0161u veste"},"content":{"rendered":"<p>Materi\u0101ls: 51% kokvilna, 26% sudraba \u0161\u0137iedra, 23% poliesters<\/p>\n<p>Izm\u0113ri: S, M, L, XL, XXL<\/p>\n<p>Ekraniz\u0113jo\u0161\u0101s aizsardz\u012bbas efektivit\u0101te: 29,3\u201363,7 dB no 30 MHz l\u012bdz 10 000 MHz<\/p>\n<p>Antibakteri\u0101l\u0101 aizsardz\u012bba: &gt;99%<\/p>\n<p>Elpojo\u0161a, piel\u0101gojama izm\u0113ra augstfrekvences starojumu sl\u0101p\u0113jo\u0161a veste. Piem\u0113rota gan ikdienai, gan sporta nodarb\u012bb\u0101m.<\/p>\n<p>EML starojums ir mums visapk\u0101rt, un efekt\u012bvs aizsargap\u0123\u0113rbs pal\u012bdz samazin\u0101t t\u0101 negat\u012bvo iedarb\u012bbu uz vesel\u012bbu un labsaj\u016btu. \u0160\u012b v\u012brie\u0161u veste izgatavota no materi\u0101la ar augstu sudraba saturu (26%) un EML sl\u0101p\u0113jo\u0161u efektivit\u0101ti (&gt;99%). Vestes audums apvieno kokvilnas un sudraba \u0161\u0137iedru \u012bpa\u0161\u012bbas, ir \u013coti m\u012bksts un elpojo\u0161s, to var ar\u012b mazg\u0101t ar rok\u0101m.<\/p>\n","protected":false},"excerpt":{"rendered":"<p>Elpojo\u0161a, piel\u0101gojama izm\u0113ra augstfrekvences starojumu sl\u0101p\u0113jo\u0161a veste. Piem\u0113rota gan ikdienai, gan sporta nodarb\u012bb\u0101m.<\/p>\n","protected":false},"featured_media":637,"comment_status":"open","ping_status":"closed","template":"","meta":[],"product_brand":[],"product_cat":[47,54,52],"product_tag":[],"class_list":{"0":"post-636","1":"product","2":"type-product","3":"status-publish","4":"has-post-thumbnail","6":"product_cat-adults","7":"product_cat-dzemperi-viriesiem","8":"product_cat-men","10":"first","11":"instock","12":"shipping-taxable","13":"purchasable","14":"product-type-simple"},"_links":{"self":[{"href":"https:\/\/svidoni.com\/ru\/wp-json\/wp\/v2\/product\/636","targetHints":{"allow":["GET"]}}],"collection":[{"href":"https:\/\/svidoni.com\/ru\/wp-json\/wp\/v2\/product"}],"about":[{"href":"https:\/\/svidoni.com\/ru\/wp-json\/wp\/v2\/types\/product"}],"replies":[{"embeddable":true,"href":"https:\/\/svidoni.com\/ru\/wp-json\/wp\/v2\/comments?post=636"}],"wp:featuredmedia":[{"embeddable":true,"href":"https:\/\/svidoni.com\/ru\/wp-json\/wp\/v2\/media\/637"}],"wp:attachment":[{"href":"https:\/\/svidoni.com\/ru\/wp-json\/wp\/v2\/media?parent=636"}],"wp:term":[{"taxonomy":"product_brand","embeddable":true,"href":"https:\/\/svidoni.com\/ru\/wp-json\/wp\/v2\/product_brand?post=636"},{"taxonomy":"product_cat","embeddable":true,"href":"https:\/\/svidoni.com\/ru\/wp-json\/wp\/v2\/product_cat?post=636"},{"taxonomy":"product_tag","embeddable":true,"href":"https:\/\/svidoni.com\/ru\/wp-json\/wp\/v2\/product_tag?post=636"}],"curies":[{"name":"wp","href":"https:\/\/api.w.org\/{rel}","templated":true}]}}