{"id":548,"date":"2022-03-07T14:26:24","date_gmt":"2022-03-07T14:26:24","guid":{"rendered":"https:\/\/svidoni.com\/?post_type=product&#038;p=548"},"modified":"2023-10-29T16:39:26","modified_gmt":"2023-10-29T16:39:26","slug":"augstfrekvences-starojumu-slapejoss-un-antibakterials-viriesu-t-krekls","status":"publish","type":"product","link":"https:\/\/svidoni.com\/ru\/product\/augstfrekvences-starojumu-slapejoss-un-antibakterials-viriesu-t-krekls\/","title":{"rendered":"Augstfrekvences starojumu sl\u0101p\u0113jo\u0161s un antibakteri\u0101ls v\u012brie\u0161u t-krekls"},"content":{"rendered":"<p>Materi\u0101ls: 26% sudraba \u0161\u0137iedra, 51% kokvilna, 23% poliesters<\/p>\n<p>Izm\u0113ri: S, M, L, XL, XXL<\/p>\n<p>Ekraniz\u0113jo\u0161\u0101s aizsardz\u012bbas efektivit\u0101te: 29,6-63,7 dB no 10 MHz l\u012bdz 10 GHz<\/p>\n<p>Antibakteri\u0101l\u0101 aizsardz\u012bba: &gt;99%<\/p>\n<p>Elpojo\u0161s, piel\u0101gojama izm\u0113ra augstfrekvences starojumu sl\u0101p\u0113jo\u0161s t-krekls. Piem\u0113rots gan ikdienai, gan sporta nodarb\u012bb\u0101m.<\/p>\n<p>EML starojums ir mums visapk\u0101rt, un efekt\u012bvs aizsargap\u0123\u0113rbs pal\u012bdz samazin\u0101t t\u0101 negat\u012bvo iedarb\u012bbu uz vesel\u012bbu un labsaj\u016btu. \u0160is v\u012brie\u0161u t-krekls izgatavots no materi\u0101la ar augstu sudraba saturu (26%) un EML sl\u0101p\u0113jo\u0161u efektivit\u0101ti (&gt;99%). T-krekla audums apvieno kokvilnas un sudraba \u0161\u0137iedru \u012bpa\u0161\u012bbas, ir \u013coti m\u012bksts un elpojo\u0161s, to var ar\u012b mazg\u0101t ar rok\u0101m.<\/p>\n","protected":false},"excerpt":{"rendered":"<p>Elpojo\u0161s, piel\u0101gojama izm\u0113ra augstfrekvences starojumu sl\u0101p\u0113jo\u0161s t-krekls. Piem\u0113rots gan ikdienai, gan sporta nodarb\u012bb\u0101m.<\/p>\n","protected":false},"featured_media":549,"comment_status":"open","ping_status":"closed","template":"","meta":[],"product_brand":[],"product_cat":[47,53,52],"product_tag":[],"class_list":{"0":"post-548","1":"product","2":"type-product","3":"status-publish","4":"has-post-thumbnail","6":"product_cat-adults","7":"product_cat-t-krekli-viriesiem","8":"product_cat-men","10":"first","11":"onbackorder","12":"shipping-taxable","13":"purchasable","14":"product-type-variable"},"_links":{"self":[{"href":"https:\/\/svidoni.com\/ru\/wp-json\/wp\/v2\/product\/548","targetHints":{"allow":["GET"]}}],"collection":[{"href":"https:\/\/svidoni.com\/ru\/wp-json\/wp\/v2\/product"}],"about":[{"href":"https:\/\/svidoni.com\/ru\/wp-json\/wp\/v2\/types\/product"}],"replies":[{"embeddable":true,"href":"https:\/\/svidoni.com\/ru\/wp-json\/wp\/v2\/comments?post=548"}],"wp:featuredmedia":[{"embeddable":true,"href":"https:\/\/svidoni.com\/ru\/wp-json\/wp\/v2\/media\/549"}],"wp:attachment":[{"href":"https:\/\/svidoni.com\/ru\/wp-json\/wp\/v2\/media?parent=548"}],"wp:term":[{"taxonomy":"product_brand","embeddable":true,"href":"https:\/\/svidoni.com\/ru\/wp-json\/wp\/v2\/product_brand?post=548"},{"taxonomy":"product_cat","embeddable":true,"href":"https:\/\/svidoni.com\/ru\/wp-json\/wp\/v2\/product_cat?post=548"},{"taxonomy":"product_tag","embeddable":true,"href":"https:\/\/svidoni.com\/ru\/wp-json\/wp\/v2\/product_tag?post=548"}],"curies":[{"name":"wp","href":"https:\/\/api.w.org\/{rel}","templated":true}]}}