{"id":220,"date":"2022-02-08T14:30:37","date_gmt":"2022-02-08T14:30:37","guid":{"rendered":"https:\/\/svidoni.com\/?post_type=product&#038;p=220"},"modified":"2026-02-15T22:56:34","modified_gmt":"2026-02-15T22:56:34","slug":"ekranizejoss-telefona-macins","status":"publish","type":"product","link":"https:\/\/svidoni.com\/ru\/product\/ekranizejoss-telefona-macins\/","title":{"rendered":"Ekraniz\u0113jo\u0161s telefona maci\u0146\u0161"},"content":{"rendered":"<p>Ekraniz\u0113jo\u0161s telefona maci\u0146\u0161;<\/p>\n<p>Maigs \u0101r\u0113jais audums un sudraba \u0161\u0137iedras odere;<\/p>\n<p>Garums 21cm Platums 10cm;<\/p>\n<p>Sl\u0101p\u0113 starojumu, pasarg\u0101 galvu sarunas laik\u0101;<\/p>\n<p>Cena EUR 30;<\/p>\n<p>Pas\u016bti 2 gab pa EUR 60 un sa\u0146em 3 gab (EUR 90 v\u0113rt\u012bb\u0101);<\/p>\n<p>Pieg\u0101de ar Omniva pakom\u0101tu +3 EUR;<\/p>\n<p>Piesak\u0101s pas\u016bt\u012bjumam<\/p>\n","protected":false},"excerpt":{"rendered":"<p>Ekraniz\u0113jo\u0161s telefona maci\u0146\u0161<\/p>\n","protected":false},"featured_media":1426,"comment_status":"open","ping_status":"closed","template":"","meta":[],"product_brand":[],"product_cat":[61,62],"product_tag":[],"class_list":{"0":"post-220","1":"product","2":"type-product","3":"status-publish","4":"has-post-thumbnail","6":"product_cat-aksesuari","7":"product_cat-aizsargmaki","9":"first","10":"instock","11":"shipping-taxable","12":"purchasable","13":"product-type-simple"},"_links":{"self":[{"href":"https:\/\/svidoni.com\/ru\/wp-json\/wp\/v2\/product\/220","targetHints":{"allow":["GET"]}}],"collection":[{"href":"https:\/\/svidoni.com\/ru\/wp-json\/wp\/v2\/product"}],"about":[{"href":"https:\/\/svidoni.com\/ru\/wp-json\/wp\/v2\/types\/product"}],"replies":[{"embeddable":true,"href":"https:\/\/svidoni.com\/ru\/wp-json\/wp\/v2\/comments?post=220"}],"wp:featuredmedia":[{"embeddable":true,"href":"https:\/\/svidoni.com\/ru\/wp-json\/wp\/v2\/media\/1426"}],"wp:attachment":[{"href":"https:\/\/svidoni.com\/ru\/wp-json\/wp\/v2\/media?parent=220"}],"wp:term":[{"taxonomy":"product_brand","embeddable":true,"href":"https:\/\/svidoni.com\/ru\/wp-json\/wp\/v2\/product_brand?post=220"},{"taxonomy":"product_cat","embeddable":true,"href":"https:\/\/svidoni.com\/ru\/wp-json\/wp\/v2\/product_cat?post=220"},{"taxonomy":"product_tag","embeddable":true,"href":"https:\/\/svidoni.com\/ru\/wp-json\/wp\/v2\/product_tag?post=220"}],"curies":[{"name":"wp","href":"https:\/\/api.w.org\/{rel}","templated":true}]}}