{"id":1449,"date":"2024-02-02T12:15:03","date_gmt":"2024-02-02T12:15:03","guid":{"rendered":"https:\/\/svidoni.com\/?post_type=product&#038;p=1449"},"modified":"2026-04-21T21:00:55","modified_gmt":"2026-04-21T21:00:55","slug":"emf-aizsardzibas-telefona-macins-2","status":"publish","type":"product","link":"https:\/\/svidoni.com\/ru\/product\/emf-aizsardzibas-telefona-macins-2\/","title":{"rendered":"EML aizsardz\u012bbas telefona maci\u0146\u0161"},"content":{"rendered":"<p>Elektromegn\u0113tisk\u0101 lauka aizsardz\u012bbas telefona maci\u0146\u0161;<\/p>\n<p>Maigs \u0101r\u0113jais audums un sudraba \u0161\u0137iedras odere;<\/p>\n<p>Garums 20 cm, platums 10 cm;<\/p>\n<p>Sl\u0101p\u0113 starojumu, pasarg\u0101 galvu sarunas laik\u0101.<\/p>\n","protected":false},"excerpt":{"rendered":"<p>Elektromegn\u0113tisk\u0101 lauka aizsardz\u012bbas telefona maci\u0146\u0161; Maigs \u0101r\u0113jais audums un sudraba \u0161\u0137iedras odere; Garums 20 cm, platums 10 cm; Sl\u0101p\u0113 starojumu, pasarg\u0101 galvu sarunas laik\u0101.<\/p>\n","protected":false},"featured_media":1450,"comment_status":"open","ping_status":"closed","template":"","meta":[],"product_brand":[],"product_cat":[61,62],"product_tag":[],"class_list":{"0":"post-1449","1":"product","2":"type-product","3":"status-publish","4":"has-post-thumbnail","6":"product_cat-aksesuari","7":"product_cat-aizsargmaki","9":"first","10":"instock","11":"shipping-taxable","12":"product-type-simple"},"_links":{"self":[{"href":"https:\/\/svidoni.com\/ru\/wp-json\/wp\/v2\/product\/1449","targetHints":{"allow":["GET"]}}],"collection":[{"href":"https:\/\/svidoni.com\/ru\/wp-json\/wp\/v2\/product"}],"about":[{"href":"https:\/\/svidoni.com\/ru\/wp-json\/wp\/v2\/types\/product"}],"replies":[{"embeddable":true,"href":"https:\/\/svidoni.com\/ru\/wp-json\/wp\/v2\/comments?post=1449"}],"wp:featuredmedia":[{"embeddable":true,"href":"https:\/\/svidoni.com\/ru\/wp-json\/wp\/v2\/media\/1450"}],"wp:attachment":[{"href":"https:\/\/svidoni.com\/ru\/wp-json\/wp\/v2\/media?parent=1449"}],"wp:term":[{"taxonomy":"product_brand","embeddable":true,"href":"https:\/\/svidoni.com\/ru\/wp-json\/wp\/v2\/product_brand?post=1449"},{"taxonomy":"product_cat","embeddable":true,"href":"https:\/\/svidoni.com\/ru\/wp-json\/wp\/v2\/product_cat?post=1449"},{"taxonomy":"product_tag","embeddable":true,"href":"https:\/\/svidoni.com\/ru\/wp-json\/wp\/v2\/product_tag?post=1449"}],"curies":[{"name":"wp","href":"https:\/\/api.w.org\/{rel}","templated":true}]}}