{"id":1445,"date":"2024-02-02T11:58:04","date_gmt":"2024-02-02T11:58:04","guid":{"rendered":"https:\/\/svidoni.com\/?post_type=product&#038;p=1445"},"modified":"2026-04-29T07:21:00","modified_gmt":"2026-04-29T07:21:00","slug":"pretradiacijas-telefona-macins","status":"publish","type":"product","link":"https:\/\/svidoni.com\/ru\/product\/pretradiacijas-telefona-macins\/","title":{"rendered":"Pretradi\u0101cijas telefona maci\u0146\u0161"},"content":{"rendered":"<p>Pretradi\u0101cijas telefona maci\u0146\u0161;<\/p>\n<p>Maigs \u0101r\u0113jais audums un sudraba \u0161\u0137iedras odere;<\/p>\n<p>Garums 20 cm, platums 10 cm;<\/p>\n<p>Sl\u0101p\u0113 starojumu;<\/p>\n<p>Pieejams da\u017e\u0101dos to\u0146os<\/p>\n","protected":false},"excerpt":{"rendered":"<p>Pretradi\u0101cijas telefona maci\u0146\u0161; Maigs \u0101r\u0113jais audums un sudraba \u0161\u0137iedras odere; Garums 20 cm, platums 10 cm; Sl\u0101p\u0113 starojumu; Pieejams da\u017e\u0101dos to\u0146os<\/p>\n","protected":false},"featured_media":1446,"comment_status":"open","ping_status":"closed","template":"","meta":[],"product_brand":[],"product_cat":[61,62,15],"product_tag":[],"class_list":{"0":"post-1445","1":"product","2":"type-product","3":"status-publish","4":"has-post-thumbnail","6":"product_cat-aksesuari","7":"product_cat-aizsargmaki","8":"product_cat-uncategorized","10":"first","11":"instock","12":"shipping-taxable","13":"purchasable","14":"product-type-simple"},"_links":{"self":[{"href":"https:\/\/svidoni.com\/ru\/wp-json\/wp\/v2\/product\/1445","targetHints":{"allow":["GET"]}}],"collection":[{"href":"https:\/\/svidoni.com\/ru\/wp-json\/wp\/v2\/product"}],"about":[{"href":"https:\/\/svidoni.com\/ru\/wp-json\/wp\/v2\/types\/product"}],"replies":[{"embeddable":true,"href":"https:\/\/svidoni.com\/ru\/wp-json\/wp\/v2\/comments?post=1445"}],"wp:featuredmedia":[{"embeddable":true,"href":"https:\/\/svidoni.com\/ru\/wp-json\/wp\/v2\/media\/1446"}],"wp:attachment":[{"href":"https:\/\/svidoni.com\/ru\/wp-json\/wp\/v2\/media?parent=1445"}],"wp:term":[{"taxonomy":"product_brand","embeddable":true,"href":"https:\/\/svidoni.com\/ru\/wp-json\/wp\/v2\/product_brand?post=1445"},{"taxonomy":"product_cat","embeddable":true,"href":"https:\/\/svidoni.com\/ru\/wp-json\/wp\/v2\/product_cat?post=1445"},{"taxonomy":"product_tag","embeddable":true,"href":"https:\/\/svidoni.com\/ru\/wp-json\/wp\/v2\/product_tag?post=1445"}],"curies":[{"name":"wp","href":"https:\/\/api.w.org\/{rel}","templated":true}]}}