{"id":1435,"date":"2024-01-22T20:51:59","date_gmt":"2024-01-22T20:51:59","guid":{"rendered":"https:\/\/svidoni.com\/?post_type=product&#038;p=1435"},"modified":"2026-04-21T21:00:10","modified_gmt":"2026-04-21T21:00:10","slug":"emf-aizsardzibas-plansetdatora-soma","status":"publish","type":"product","link":"https:\/\/svidoni.com\/ru\/product\/emf-aizsardzibas-plansetdatora-soma\/","title":{"rendered":"EMF aizsardz\u012bbas plan\u0161etdatora soma"},"content":{"rendered":"<p>\u016adens necaurlaid\u012bgs \u0101r\u0113jais audums un sudraba \u0161\u0137iedras odere;<\/p>\n<p>Garums 27cm, platums 19cm;<\/p>\n<p>Viegli atverama, \u0113rti lietojama soma plan\u0161etdatoram;<\/p>\n<p>Pasarg\u0101 J\u016bs no radi\u0101cijas no 30MGz &#8212; 3GHz.<\/p>\n","protected":false},"excerpt":{"rendered":"<p>\u016adens necaurlaid\u012bgs \u0101r\u0113jais audums un sudraba \u0161\u0137iedras odere; Garums 27cm, platums 19cm; Viegli atverama, \u0113rti lietojama soma plan\u0161etdatoram; Pasarg\u0101 J\u016bs no radi\u0101cijas no 30MGz &#8212; 3GHz.<\/p>\n","protected":false},"featured_media":1436,"comment_status":"open","ping_status":"closed","template":"","meta":[],"product_brand":[],"product_cat":[61,63],"product_tag":[],"class_list":{"0":"post-1435","1":"product","2":"type-product","3":"status-publish","4":"has-post-thumbnail","6":"product_cat-aksesuari","7":"product_cat-aizsargsomas","9":"first","10":"instock","11":"shipping-taxable","12":"purchasable","13":"product-type-simple"},"_links":{"self":[{"href":"https:\/\/svidoni.com\/ru\/wp-json\/wp\/v2\/product\/1435","targetHints":{"allow":["GET"]}}],"collection":[{"href":"https:\/\/svidoni.com\/ru\/wp-json\/wp\/v2\/product"}],"about":[{"href":"https:\/\/svidoni.com\/ru\/wp-json\/wp\/v2\/types\/product"}],"replies":[{"embeddable":true,"href":"https:\/\/svidoni.com\/ru\/wp-json\/wp\/v2\/comments?post=1435"}],"wp:featuredmedia":[{"embeddable":true,"href":"https:\/\/svidoni.com\/ru\/wp-json\/wp\/v2\/media\/1436"}],"wp:attachment":[{"href":"https:\/\/svidoni.com\/ru\/wp-json\/wp\/v2\/media?parent=1435"}],"wp:term":[{"taxonomy":"product_brand","embeddable":true,"href":"https:\/\/svidoni.com\/ru\/wp-json\/wp\/v2\/product_brand?post=1435"},{"taxonomy":"product_cat","embeddable":true,"href":"https:\/\/svidoni.com\/ru\/wp-json\/wp\/v2\/product_cat?post=1435"},{"taxonomy":"product_tag","embeddable":true,"href":"https:\/\/svidoni.com\/ru\/wp-json\/wp\/v2\/product_tag?post=1435"}],"curies":[{"name":"wp","href":"https:\/\/api.w.org\/{rel}","templated":true}]}}