{"id":1143,"date":"2022-03-17T08:22:38","date_gmt":"2022-03-17T08:22:38","guid":{"rendered":"https:\/\/svidoni.com\/?post_type=product&#038;p=1143"},"modified":"2026-04-21T20:59:30","modified_gmt":"2026-04-21T20:59:30","slug":"baldahins-gultai","status":"publish","type":"product","link":"https:\/\/svidoni.com\/ru\/product\/baldahins-gultai\/","title":{"rendered":"Baldah\u012bns gultai"},"content":{"rendered":"<p>Piel\u0101gojama izm\u0113ra aizsargs gultai.<\/p>\n","protected":false},"excerpt":{"rendered":"<p>Piel\u0101gojama izm\u0113ra baldah\u012bns gultai.<\/p>\n","protected":false},"featured_media":1144,"comment_status":"open","ping_status":"closed","template":"","meta":[],"product_brand":[],"product_cat":[66],"product_tag":[],"class_list":{"0":"post-1143","1":"product","2":"type-product","3":"status-publish","4":"has-post-thumbnail","6":"product_cat-baldahins","8":"first","9":"instock","10":"sale","11":"shipping-taxable","12":"purchasable","13":"product-type-variable"},"_links":{"self":[{"href":"https:\/\/svidoni.com\/ru\/wp-json\/wp\/v2\/product\/1143","targetHints":{"allow":["GET"]}}],"collection":[{"href":"https:\/\/svidoni.com\/ru\/wp-json\/wp\/v2\/product"}],"about":[{"href":"https:\/\/svidoni.com\/ru\/wp-json\/wp\/v2\/types\/product"}],"replies":[{"embeddable":true,"href":"https:\/\/svidoni.com\/ru\/wp-json\/wp\/v2\/comments?post=1143"}],"wp:featuredmedia":[{"embeddable":true,"href":"https:\/\/svidoni.com\/ru\/wp-json\/wp\/v2\/media\/1144"}],"wp:attachment":[{"href":"https:\/\/svidoni.com\/ru\/wp-json\/wp\/v2\/media?parent=1143"}],"wp:term":[{"taxonomy":"product_brand","embeddable":true,"href":"https:\/\/svidoni.com\/ru\/wp-json\/wp\/v2\/product_brand?post=1143"},{"taxonomy":"product_cat","embeddable":true,"href":"https:\/\/svidoni.com\/ru\/wp-json\/wp\/v2\/product_cat?post=1143"},{"taxonomy":"product_tag","embeddable":true,"href":"https:\/\/svidoni.com\/ru\/wp-json\/wp\/v2\/product_tag?post=1143"}],"curies":[{"name":"wp","href":"https:\/\/api.w.org\/{rel}","templated":true}]}}